{"id":28,"date":"2023-12-22T19:24:49","date_gmt":"2023-12-22T16:24:49","guid":{"rendered":"https:\/\/lvkgroup.lv\/?page_id=28"},"modified":"2025-02-05T12:21:30","modified_gmt":"2025-02-05T09:21:30","slug":"oversized-cargo","status":"publish","type":"page","link":"https:\/\/lvkgroup.lv\/lv\/services\/oversized-cargo\/","title":{"rendered":"Negabar\u012bta kravas"},"content":{"rendered":"<div data-elementor-type=\"wp-page\" data-elementor-id=\"28\" class=\"elementor elementor-28\" data-elementor-post-type=\"page\">\n\t\t\t\t<div class=\"xts-negative-gap elementor-element elementor-element-1b163b9 xts-section-stretch animated-slow e-flex e-con-boxed elementor-invisible e-con e-parent\" data-id=\"1b163b9\" data-element_type=\"container\" data-e-type=\"container\" data-settings=\"{&quot;animation&quot;:&quot;fadeIn&quot;}\">\n\t\t\t\t\t<div class=\"e-con-inner\">\n\t\t<div class=\"elementor-element elementor-element-3358182 e-con-full e-flex xts-section-disabled e-con e-child\" data-id=\"3358182\" data-element_type=\"container\" data-e-type=\"container\">\n\t\t\t\t<div class=\"elementor-element elementor-element-3c6b6fb2 elementor-widget__width-initial service-title xts-width-100 elementor-widget elementor-widget-xts_title\" data-id=\"3c6b6fb2\" data-element_type=\"widget\" data-e-type=\"widget\" data-widget_type=\"xts_title.default\">\n\t\t\t\t<div class=\"elementor-widget-container\">\n\t\t\t\t\t\t\t\t<div class=\"xts-section-heading xts-reset-mb-10 xts-reset-last xts-textalign-left xts-textalign-sm-center\" data-animation-delay=\"\">\n\t\t\t\t\n\t\t\t\t\t\t\t\t\t<h2 class=\"xts-section-title title xts-design-default xts-fontsize-l\">\n\t\t\t\t\t\t<span class=\"xts-section-title-text\" data-elementor-setting-key=\"title\">\n\t\t\t\t\t\t\tPilns pakalpojumu kl\u0101sts negabar\u012bta kravu p\u0101rvad\u0101jumiem pa j\u016bru, dzelzce\u013cu un autotransportu. \t\t\t\t\t\t<\/span>\n\n\t\t\t\t\t\t\t\t\t\t\t<\/h2>\n\t\t\t\t\n\t\t\t\t\n\t\t\t\t\t\t\t<\/div>\n\t\t\t\t\t\t<\/div>\n\t\t\t\t<\/div>\n\t\t\t\t<div class=\"elementor-element elementor-element-43a61ed0 elementor-widget__width-initial elementor-icon-list--layout-traditional elementor-list-item-link-full_width elementor-widget elementor-widget-icon-list\" data-id=\"43a61ed0\" data-element_type=\"widget\" data-e-type=\"widget\" data-widget_type=\"icon-list.default\">\n\t\t\t\t<div class=\"elementor-widget-container\">\n\t\t\t\t\t\t\t<ul class=\"elementor-icon-list-items\">\n\t\t\t\t\t\t\t<li class=\"elementor-icon-list-item\">\n\t\t\t\t\t\t\t\t\t\t\t<span class=\"elementor-icon-list-icon\">\n\t\t\t\t\t\t\t<svg aria-hidden=\"true\" class=\"e-font-icon-svg e-fas-check-circle\" viewbox=\"0 0 512 512\" xmlns=\"http:\/\/www.w3.org\/2000\/svg\"><path d=\"M504 256c0 136.967-111.033 248-248 248S8 392.967 8 256 119.033 8 256 8s248 111.033 248 248zM227.314 387.314l184-184c6.248-6.248 6.248-16.379 0-22.627l-22.627-22.627c-6.248-6.249-16.379-6.249-22.628 0L216 308.118l-70.059-70.059c-6.248-6.248-16.379-6.248-22.628 0l-22.627 22.627c-6.248 6.248-6.248 16.379 0 22.627l104 104c6.249 6.249 16.379 6.249 22.628.001z\"><\/path><\/svg>\t\t\t\t\t\t<\/span>\n\t\t\t\t\t\t\t\t\t\t<span class=\"elementor-icon-list-text\">Sh\u0113mas izstr\u0101de un stiprin\u0101juma nodro\u0161in\u0101\u0161ana, p\u0101rvad\u0101\u0161anas at\u013caujas sa\u0146em\u0161ana<\/span>\n\t\t\t\t\t\t\t\t\t<\/li>\n\t\t\t\t\t\t\t\t<li class=\"elementor-icon-list-item\">\n\t\t\t\t\t\t\t\t\t\t\t<span class=\"elementor-icon-list-icon\">\n\t\t\t\t\t\t\t<svg aria-hidden=\"true\" class=\"e-font-icon-svg e-fas-check-circle\" viewbox=\"0 0 512 512\" xmlns=\"http:\/\/www.w3.org\/2000\/svg\"><path d=\"M504 256c0 136.967-111.033 248-248 248S8 392.967 8 256 119.033 8 256 8s248 111.033 248 248zM227.314 387.314l184-184c6.248-6.248 6.248-16.379 0-22.627l-22.627-22.627c-6.248-6.249-16.379-6.249-22.628 0L216 308.118l-70.059-70.059c-6.248-6.248-16.379-6.248-22.628 0l-22.627 22.627c-6.248 6.248-6.248 16.379 0 22.627l104 104c6.249 6.249 16.379 6.249 22.628.001z\"><\/path><\/svg>\t\t\t\t\t\t<\/span>\n\t\t\t\t\t\t\t\t\t\t<span class=\"elementor-icon-list-text\">Kravu apdro\u0161in\u0101\u0161ana saska\u0146\u0101 ar visiem iesp\u0113jamiem normat\u012bviem un pras\u012bb\u0101m<\/span>\n\t\t\t\t\t\t\t\t\t<\/li>\n\t\t\t\t\t\t\t\t<li class=\"elementor-icon-list-item\">\n\t\t\t\t\t\t\t\t\t\t\t<span class=\"elementor-icon-list-icon\">\n\t\t\t\t\t\t\t<svg aria-hidden=\"true\" class=\"e-font-icon-svg e-fas-check-circle\" viewbox=\"0 0 512 512\" xmlns=\"http:\/\/www.w3.org\/2000\/svg\"><path d=\"M504 256c0 136.967-111.033 248-248 248S8 392.967 8 256 119.033 8 256 8s248 111.033 248 248zM227.314 387.314l184-184c6.248-6.248 6.248-16.379 0-22.627l-22.627-22.627c-6.248-6.249-16.379-6.249-22.628 0L216 308.118l-70.059-70.059c-6.248-6.248-16.379-6.248-22.628 0l-22.627 22.627c-6.248 6.248-6.248 16.379 0 22.627l104 104c6.249 6.249 16.379 6.249 22.628.001z\"><\/path><\/svg>\t\t\t\t\t\t<\/span>\n\t\t\t\t\t\t\t\t\t\t<span class=\"elementor-icon-list-text\">Katru nestandarta kravu nov\u0113rt\u0113 uz\u0146\u0113muma speci\u0101listi, lai pareizi izv\u0113l\u0113tos p\u0101rvad\u0101juma veidu, mar\u0161rutu un pieg\u0101des laiku<\/span>\n\t\t\t\t\t\t\t\t\t<\/li>\n\t\t\t\t\t\t<\/ul>\n\t\t\t\t\t\t<\/div>\n\t\t\t\t<\/div>\n\t\t\t\t<div class=\"elementor-element elementor-element-23e6898a xts-textalign-center xts-scheme-inherit elementor-widget elementor-widget-text-editor\" data-id=\"23e6898a\" data-element_type=\"widget\" data-e-type=\"widget\" data-widget_type=\"text-editor.default\">\n\t\t\t\t<div class=\"elementor-widget-container\">\n\t\t\t\t\t\t\t\t\t<p>\u0160\u0101da pieeja nodro\u0161ina dro\u0161u, efekt\u012bvu un pras\u012bb\u0101m atbilsto\u0161u negabar\u012bta kravu p\u0101rvad\u0101\u0161anu.<\/p>\t\t\t\t\t\t\t\t<\/div>\n\t\t\t\t<\/div>\n\t\t\t\t<\/div>\n\t\t<div class=\"elementor-element elementor-element-23a94181 e-con-full e-flex xts-section-disabled e-con e-child\" data-id=\"23a94181\" data-element_type=\"container\" data-e-type=\"container\">\n\t\t\t\t<div class=\"elementor-element elementor-element-5e4f9f37 elementor-widget elementor-widget-image\" data-id=\"5e4f9f37\" data-element_type=\"widget\" data-e-type=\"widget\" data-widget_type=\"image.default\">\n\t\t\t\t<div class=\"elementor-widget-container\">\n\t\t\t\t\t\t\t\t\t\t\t\t\t\t\t<img fetchpriority=\"high\" decoding=\"async\" width=\"1024\" height=\"683\" src=\"https:\/\/lvkgroup.lv\/wp-content\/uploads\/2024\/01\/oversized-cargo-submain-1024x683.webp\" class=\"attachment-large size-large wp-image-1348\" alt=\"Oversized Cargo\" srcset=\"https:\/\/lvkgroup.lv\/wp-content\/uploads\/2024\/01\/oversized-cargo-submain-1024x683.webp 1024w, https:\/\/lvkgroup.lv\/wp-content\/uploads\/2024\/01\/oversized-cargo-submain-300x200.webp 300w, https:\/\/lvkgroup.lv\/wp-content\/uploads\/2024\/01\/oversized-cargo-submain-768x512.webp 768w, https:\/\/lvkgroup.lv\/wp-content\/uploads\/2024\/01\/oversized-cargo-submain-1536x1024.webp 1536w, https:\/\/lvkgroup.lv\/wp-content\/uploads\/2024\/01\/oversized-cargo-submain-2048x1365.webp 2048w, https:\/\/lvkgroup.lv\/wp-content\/uploads\/2024\/01\/oversized-cargo-submain-18x12.webp 18w\" sizes=\"(max-width: 1024px) 100vw, 1024px\" \/>\t\t\t\t\t\t\t\t\t\t\t\t\t\t\t<\/div>\n\t\t\t\t<\/div>\n\t\t\t\t<\/div>\n\t\t\t\t\t<\/div>\n\t\t\t\t<\/div>\n\t\t<div class=\"xts-negative-gap elementor-element elementor-element-1fb8ff08 xts-section-stretch e-flex e-con-boxed elementor-invisible e-con e-parent\" data-id=\"1fb8ff08\" data-element_type=\"container\" data-e-type=\"container\" data-settings=\"{&quot;animation&quot;:&quot;fadeInUp&quot;,&quot;animation_tablet&quot;:&quot;none&quot;}\">\n\t\t\t\t\t<div class=\"e-con-inner\">\n\t\t<div class=\"xts-negative-gap elementor-element elementor-element-1a2a9f17 e-flex e-con-boxed xts-section-disabled e-con e-child\" data-id=\"1a2a9f17\" data-element_type=\"container\" data-e-type=\"container\">\n\t\t\t\t\t<div class=\"e-con-inner\">\n\t\t<div class=\"elementor-element elementor-element-26d8fd41 e-con-full e-flex xts-section-disabled e-con e-child\" data-id=\"26d8fd41\" data-element_type=\"container\" data-e-type=\"container\" data-settings=\"{&quot;background_background&quot;:&quot;classic&quot;}\">\n\t\t\t\t<div class=\"elementor-element elementor-element-1a1d0a8b elementor-widget__width-initial service-title xts-width-100 elementor-widget elementor-widget-xts_title\" data-id=\"1a1d0a8b\" data-element_type=\"widget\" data-e-type=\"widget\" data-widget_type=\"xts_title.default\">\n\t\t\t\t<div class=\"elementor-widget-container\">\n\t\t\t\t\t\t\t\t<div class=\"xts-section-heading xts-reset-mb-10 xts-reset-last xts-textalign-left xts-textalign-sm-center\" data-animation-delay=\"\">\n\t\t\t\t\n\t\t\t\t\t\t\t\t\t<h3 class=\"xts-section-title title xts-design-default xts-textcolor-custom xts-fontsize-l\">\n\t\t\t\t\t\t<span class=\"xts-section-title-text\" data-elementor-setting-key=\"title\">\n\t\t\t\t\t\t\tM\u0113s veiksim detaliz\u0113tu izmaksu anal\u012bzi un sniegsim Jums visaptvero\u0161u pied\u0101v\u0101jumu\t\t\t\t\t\t<\/span>\n\n\t\t\t\t\t\t\t\t\t\t\t<\/h3>\n\t\t\t\t\n\t\t\t\t\n\t\t\t\t\t\t\t\t\t<div class=\"xts-section-desc xts-textcolor-custom\">\n\t\t\t\t\t\t<div class=\"xts-section-desc-text xts-reset-all-last\" data-elementor-setting-key=\"description\">\n\t\t\t\t\t\t\t<p>Atst\u0101jiet pieteikumu, un m\u016bsu speci\u0101listi operat\u012bvi nov\u0113rt\u0113s un sniegs detaliz\u0113tu pakalpojumu izmaksu t\u0101mi.<\/p>\t\t\t\t\t\t<\/div>\n\t\t\t\t\t<\/div>\n\t\t\t\t\t\t\t<\/div>\n\t\t\t\t\t\t<\/div>\n\t\t\t\t<\/div>\n\t\t\t\t<div class=\"elementor-element elementor-element-3a1e6f27 button-service elementor-mobile-align-justify elementor-widget elementor-widget-button\" data-id=\"3a1e6f27\" data-element_type=\"widget\" data-e-type=\"widget\" data-widget_type=\"button.default\">\n\t\t\t\t<div class=\"elementor-widget-container\">\n\t\t\t\t\t\t\t\t\t<div class=\"elementor-button-wrapper\">\n\t\t\t\t\t<a class=\"elementor-button elementor-button-link elementor-size-sm\" href=\"#elementor-action%3Aaction%3Dpopup%3Aopen%26settings%3DeyJpZCI6IjU1NSIsInRvZ2dsZSI6ZmFsc2V9\">\n\t\t\t\t\t\t<span class=\"elementor-button-content-wrapper\">\n\t\t\t\t\t\t<span class=\"elementor-button-icon\">\n\t\t\t\t<svg xmlns=\"http:\/\/www.w3.org\/2000\/svg\" width=\"17\" height=\"12\" viewbox=\"0 0 17 12\" fill=\"none\"><path d=\"M1 5.25C0.585786 5.25 0.25 5.58579 0.25 6C0.25 6.41421 0.585786 6.75 1 6.75V5.25ZM16.5303 6.53033C16.8232 6.23744 16.8232 5.76256 16.5303 5.46967L11.7574 0.696699C11.4645 0.403806 10.9896 0.403806 10.6967 0.696699C10.4038 0.989593 10.4038 1.46447 10.6967 1.75736L14.9393 6L10.6967 10.2426C10.4038 10.5355 10.4038 11.0104 10.6967 11.3033C10.9896 11.5962 11.4645 11.5962 11.7574 11.3033L16.5303 6.53033ZM1 6.75H16V5.25H1V6.75Z\" fill=\"#FEFEFE\"><\/path><\/svg>\t\t\t<\/span>\n\t\t\t\t\t\t\t\t\t<span class=\"elementor-button-text\">Atst\u0101t pieteikumu<\/span>\n\t\t\t\t\t<\/span>\n\t\t\t\t\t<\/a>\n\t\t\t\t<\/div>\n\t\t\t\t\t\t\t\t<\/div>\n\t\t\t\t<\/div>\n\t\t\t\t<\/div>\n\t\t<div class=\"elementor-element elementor-element-5e5f095f e-con-full e-flex xts-section-disabled e-con e-child\" data-id=\"5e5f095f\" data-element_type=\"container\" data-e-type=\"container\" data-settings=\"{&quot;background_background&quot;:&quot;classic&quot;}\">\n\t\t\t\t<\/div>\n\t\t\t\t\t<\/div>\n\t\t\t\t<\/div>\n\t\t\t\t\t<\/div>\n\t\t\t\t<\/div>\n\t\t\t\t<\/div>","protected":false},"excerpt":{"rendered":"<p>Our service offers a comprehensive range of solutions for transporting oversized cargo via sea, road, and rail. Development of a scheme for securing and obtaining permissions for transportation Cargo insurance in accordance with all possible standards and requirements Each non-standard cargo is assessed by company specialists for the correct choice of transport type, route, and [&hellip;]<\/p>\n","protected":false},"author":1,"featured_media":0,"parent":14,"menu_order":0,"comment_status":"closed","ping_status":"closed","template":"","meta":{"footnotes":""},"class_list":["post-28","page","type-page","status-publish","hentry"],"yoast_head":"<!-- This site is optimized with the Yoast SEO plugin v27.2 - https:\/\/yoast.com\/product\/yoast-seo-wordpress\/ -->\n<title>Oversized cargo - LVK GROUP - International logistics<\/title>\n<meta name=\"description\" content=\"Our service offers a comprehensive range of solutions for transporting oversized cargo via sea, road, and rail.\" \/>\n<meta name=\"robots\" content=\"index, follow, max-snippet:-1, max-image-preview:large, max-video-preview:-1\" \/>\n<link rel=\"canonical\" href=\"https:\/\/lvkgroup.lv\/lv\/services\/oversized-cargo\/\" \/>\n<meta property=\"og:locale\" content=\"lv_LV\" \/>\n<meta property=\"og:type\" content=\"article\" \/>\n<meta property=\"og:title\" content=\"Oversized cargo - LVK GROUP - International logistics\" \/>\n<meta property=\"og:description\" content=\"Our service offers a comprehensive range of solutions for transporting oversized cargo via sea, road, and rail.\" \/>\n<meta property=\"og:url\" content=\"https:\/\/lvkgroup.lv\/lv\/services\/oversized-cargo\/\" \/>\n<meta property=\"og:site_name\" content=\"LVK GROUP - International logistics\" \/>\n<meta property=\"article:modified_time\" content=\"2025-02-05T09:21:30+00:00\" \/>\n<meta property=\"og:image\" content=\"https:\/\/lvkgroup.lv\/wp-content\/uploads\/2024\/01\/oversized-cargo-submain-scaled.webp\" \/>\n\t<meta property=\"og:image:width\" content=\"2560\" \/>\n\t<meta property=\"og:image:height\" content=\"1707\" \/>\n\t<meta property=\"og:image:type\" content=\"image\/webp\" \/>\n<meta name=\"twitter:card\" content=\"summary_large_image\" \/>\n<meta name=\"twitter:label1\" content=\"Est. reading time\" \/>\n\t<meta name=\"twitter:data1\" content=\"1 min\u016bte\" \/>\n<script type=\"application\/ld+json\" class=\"yoast-schema-graph\">{\"@context\":\"https:\/\/schema.org\",\"@graph\":[{\"@type\":\"WebPage\",\"@id\":\"https:\/\/lvkgroup.lv\/services\/oversized-cargo\/\",\"url\":\"https:\/\/lvkgroup.lv\/services\/oversized-cargo\/\",\"name\":\"Oversized cargo - LVK GROUP - International logistics\",\"isPartOf\":{\"@id\":\"https:\/\/lvkgroup.lv\/#website\"},\"primaryImageOfPage\":{\"@id\":\"https:\/\/lvkgroup.lv\/services\/oversized-cargo\/#primaryimage\"},\"image\":{\"@id\":\"https:\/\/lvkgroup.lv\/services\/oversized-cargo\/#primaryimage\"},\"thumbnailUrl\":\"https:\/\/lvkgroup.lv\/wp-content\/uploads\/2024\/01\/oversized-cargo-submain-1024x683.webp\",\"datePublished\":\"2023-12-22T16:24:49+00:00\",\"dateModified\":\"2025-02-05T09:21:30+00:00\",\"description\":\"Our service offers a comprehensive range of solutions for transporting oversized cargo via sea, road, and rail.\",\"breadcrumb\":{\"@id\":\"https:\/\/lvkgroup.lv\/services\/oversized-cargo\/#breadcrumb\"},\"inLanguage\":\"lv-LV\",\"potentialAction\":[{\"@type\":\"ReadAction\",\"target\":[\"https:\/\/lvkgroup.lv\/services\/oversized-cargo\/\"]}]},{\"@type\":\"ImageObject\",\"inLanguage\":\"lv-LV\",\"@id\":\"https:\/\/lvkgroup.lv\/services\/oversized-cargo\/#primaryimage\",\"url\":\"https:\/\/lvkgroup.lv\/wp-content\/uploads\/2024\/01\/oversized-cargo-submain-1024x683.webp\",\"contentUrl\":\"https:\/\/lvkgroup.lv\/wp-content\/uploads\/2024\/01\/oversized-cargo-submain-1024x683.webp\"},{\"@type\":\"BreadcrumbList\",\"@id\":\"https:\/\/lvkgroup.lv\/services\/oversized-cargo\/#breadcrumb\",\"itemListElement\":[{\"@type\":\"ListItem\",\"position\":1,\"name\":\"\u0413\u043b\u0430\u0432\u043d\u0430\u044f \u0441\u0442\u0440\u0430\u043d\u0438\u0446\u0430\",\"item\":\"https:\/\/lvkgroup.lv\/\"},{\"@type\":\"ListItem\",\"position\":2,\"name\":\"Services\",\"item\":\"https:\/\/lvkgroup.lv\/services\/\"},{\"@type\":\"ListItem\",\"position\":3,\"name\":\"Oversized cargo\"}]},{\"@type\":\"WebSite\",\"@id\":\"https:\/\/lvkgroup.lv\/#website\",\"url\":\"https:\/\/lvkgroup.lv\/\",\"name\":\"LVK GROUP - International logistics\",\"description\":\"We will deliver your cargo anywhere in the world\",\"publisher\":{\"@id\":\"https:\/\/lvkgroup.lv\/#organization\"},\"potentialAction\":[{\"@type\":\"SearchAction\",\"target\":{\"@type\":\"EntryPoint\",\"urlTemplate\":\"https:\/\/lvkgroup.lv\/?s={search_term_string}\"},\"query-input\":{\"@type\":\"PropertyValueSpecification\",\"valueRequired\":true,\"valueName\":\"search_term_string\"}}],\"inLanguage\":\"lv-LV\"},{\"@type\":\"Organization\",\"@id\":\"https:\/\/lvkgroup.lv\/#organization\",\"name\":\"LVK GROUP - International logistics\",\"alternateName\":\"LVK GROUP\",\"url\":\"https:\/\/lvkgroup.lv\/\",\"logo\":{\"@type\":\"ImageObject\",\"inLanguage\":\"lv-LV\",\"@id\":\"https:\/\/lvkgroup.lv\/#\/schema\/logo\/image\/\",\"url\":\"https:\/\/lvkgroup.lv\/wp-content\/uploads\/2024\/08\/lvk-group-logo-final-right.svg\",\"contentUrl\":\"https:\/\/lvkgroup.lv\/wp-content\/uploads\/2024\/08\/lvk-group-logo-final-right.svg\",\"width\":270,\"height\":43,\"caption\":\"LVK GROUP - International logistics\"},\"image\":{\"@id\":\"https:\/\/lvkgroup.lv\/#\/schema\/logo\/image\/\"}}]}<\/script>\n<!-- \/ Yoast SEO plugin. -->","yoast_head_json":{"title":"Oversized cargo - LVK GROUP - International logistics","description":"Pilns pakalpojumu kl\u0101sts negabar\u012bta kravu p\u0101rvad\u0101jumiem pa j\u016bru, dzelzce\u013cu un autotransportu.","robots":{"index":"index","follow":"follow","max-snippet":"max-snippet:-1","max-image-preview":"max-image-preview:large","max-video-preview":"max-video-preview:-1"},"canonical":"https:\/\/lvkgroup.lv\/lv\/services\/oversized-cargo\/","og_locale":"lv_LV","og_type":"article","og_title":"Oversized cargo - LVK GROUP - International logistics","og_description":"Our service offers a comprehensive range of solutions for transporting oversized cargo via sea, road, and rail.","og_url":"https:\/\/lvkgroup.lv\/lv\/services\/oversized-cargo\/","og_site_name":"LVK GROUP - International logistics","article_modified_time":"2025-02-05T09:21:30+00:00","og_image":[{"width":2560,"height":1707,"url":"https:\/\/lvkgroup.lv\/wp-content\/uploads\/2024\/01\/oversized-cargo-submain-scaled.webp","type":"image\/webp"}],"twitter_card":"summary_large_image","twitter_misc":{"Est. reading time":"1 min\u016bte"},"schema":{"@context":"https:\/\/schema.org","@graph":[{"@type":"WebPage","@id":"https:\/\/lvkgroup.lv\/services\/oversized-cargo\/","url":"https:\/\/lvkgroup.lv\/services\/oversized-cargo\/","name":"Oversized cargo - LVK GROUP - International logistics","isPartOf":{"@id":"https:\/\/lvkgroup.lv\/#website"},"primaryImageOfPage":{"@id":"https:\/\/lvkgroup.lv\/services\/oversized-cargo\/#primaryimage"},"image":{"@id":"https:\/\/lvkgroup.lv\/services\/oversized-cargo\/#primaryimage"},"thumbnailUrl":"https:\/\/lvkgroup.lv\/wp-content\/uploads\/2024\/01\/oversized-cargo-submain-1024x683.webp","datePublished":"2023-12-22T16:24:49+00:00","dateModified":"2025-02-05T09:21:30+00:00","description":"Pilns pakalpojumu kl\u0101sts negabar\u012bta kravu p\u0101rvad\u0101jumiem pa j\u016bru, dzelzce\u013cu un autotransportu.","breadcrumb":{"@id":"https:\/\/lvkgroup.lv\/services\/oversized-cargo\/#breadcrumb"},"inLanguage":"lv-LV","potentialAction":[{"@type":"ReadAction","target":["https:\/\/lvkgroup.lv\/services\/oversized-cargo\/"]}]},{"@type":"ImageObject","inLanguage":"lv-LV","@id":"https:\/\/lvkgroup.lv\/services\/oversized-cargo\/#primaryimage","url":"https:\/\/lvkgroup.lv\/wp-content\/uploads\/2024\/01\/oversized-cargo-submain-1024x683.webp","contentUrl":"https:\/\/lvkgroup.lv\/wp-content\/uploads\/2024\/01\/oversized-cargo-submain-1024x683.webp"},{"@type":"BreadcrumbList","@id":"https:\/\/lvkgroup.lv\/services\/oversized-cargo\/#breadcrumb","itemListElement":[{"@type":"ListItem","position":1,"name":"\u0413\u043b\u0430\u0432\u043d\u0430\u044f \u0441\u0442\u0440\u0430\u043d\u0438\u0446\u0430","item":"https:\/\/lvkgroup.lv\/"},{"@type":"ListItem","position":2,"name":"Services","item":"https:\/\/lvkgroup.lv\/services\/"},{"@type":"ListItem","position":3,"name":"Oversized cargo"}]},{"@type":"WebSite","@id":"https:\/\/lvkgroup.lv\/#website","url":"https:\/\/lvkgroup.lv\/","name":"LVK GROUP - International logistics","description":"We will deliver your cargo anywhere in the world","publisher":{"@id":"https:\/\/lvkgroup.lv\/#organization"},"potentialAction":[{"@type":"SearchAction","target":{"@type":"EntryPoint","urlTemplate":"https:\/\/lvkgroup.lv\/?s={search_term_string}"},"query-input":{"@type":"PropertyValueSpecification","valueRequired":true,"valueName":"search_term_string"}}],"inLanguage":"lv-LV"},{"@type":"Organization","@id":"https:\/\/lvkgroup.lv\/#organization","name":"LVK GROUP - International logistics","alternateName":"LVK GROUP","url":"https:\/\/lvkgroup.lv\/","logo":{"@type":"ImageObject","inLanguage":"lv-LV","@id":"https:\/\/lvkgroup.lv\/#\/schema\/logo\/image\/","url":"https:\/\/lvkgroup.lv\/wp-content\/uploads\/2024\/08\/lvk-group-logo-final-right.svg","contentUrl":"https:\/\/lvkgroup.lv\/wp-content\/uploads\/2024\/08\/lvk-group-logo-final-right.svg","width":270,"height":43,"caption":"LVK GROUP - International logistics"},"image":{"@id":"https:\/\/lvkgroup.lv\/#\/schema\/logo\/image\/"}}]}},"_links":{"self":[{"href":"https:\/\/lvkgroup.lv\/lv\/wp-json\/wp\/v2\/pages\/28","targetHints":{"allow":["GET"]}}],"collection":[{"href":"https:\/\/lvkgroup.lv\/lv\/wp-json\/wp\/v2\/pages"}],"about":[{"href":"https:\/\/lvkgroup.lv\/lv\/wp-json\/wp\/v2\/types\/page"}],"author":[{"embeddable":true,"href":"https:\/\/lvkgroup.lv\/lv\/wp-json\/wp\/v2\/users\/1"}],"replies":[{"embeddable":true,"href":"https:\/\/lvkgroup.lv\/lv\/wp-json\/wp\/v2\/comments?post=28"}],"version-history":[{"count":3,"href":"https:\/\/lvkgroup.lv\/lv\/wp-json\/wp\/v2\/pages\/28\/revisions"}],"predecessor-version":[{"id":1498,"href":"https:\/\/lvkgroup.lv\/lv\/wp-json\/wp\/v2\/pages\/28\/revisions\/1498"}],"up":[{"embeddable":true,"href":"https:\/\/lvkgroup.lv\/lv\/wp-json\/wp\/v2\/pages\/14"}],"wp:attachment":[{"href":"https:\/\/lvkgroup.lv\/lv\/wp-json\/wp\/v2\/media?parent=28"}],"curies":[{"name":"wp","href":"https:\/\/api.w.org\/{rel}","templated":true}]}}