{"id":26,"date":"2023-12-22T19:23:53","date_gmt":"2023-12-22T16:23:53","guid":{"rendered":"https:\/\/lvkgroup.lv\/?page_id=26"},"modified":"2025-02-05T12:21:11","modified_gmt":"2025-02-05T09:21:11","slug":"road-transport","status":"publish","type":"page","link":"https:\/\/lvkgroup.lv\/lv\/services\/road-transport\/","title":{"rendered":"Autop\u0101rvad\u0101jumi"},"content":{"rendered":"<div data-elementor-type=\"wp-page\" data-elementor-id=\"26\" class=\"elementor elementor-26\" data-elementor-post-type=\"page\">\n\t\t\t\t<div class=\"xts-negative-gap elementor-element elementor-element-5f0dbcfb xts-section-stretch animated-slow e-flex e-con-boxed elementor-invisible e-con e-parent\" data-id=\"5f0dbcfb\" data-element_type=\"container\" data-e-type=\"container\" data-settings=\"{&quot;animation&quot;:&quot;fadeIn&quot;}\">\n\t\t\t\t\t<div class=\"e-con-inner\">\n\t\t<div class=\"elementor-element elementor-element-34ea6f08 e-con-full e-flex xts-section-disabled e-con e-child\" data-id=\"34ea6f08\" data-element_type=\"container\" data-e-type=\"container\">\n\t\t\t\t<div class=\"elementor-element elementor-element-9a95a82 elementor-widget__width-initial service-title xts-width-100 elementor-widget elementor-widget-xts_title\" data-id=\"9a95a82\" data-element_type=\"widget\" data-e-type=\"widget\" data-widget_type=\"xts_title.default\">\n\t\t\t\t<div class=\"elementor-widget-container\">\n\t\t\t\t\t\t\t\t<div class=\"xts-section-heading xts-reset-mb-10 xts-reset-last xts-textalign-left xts-textalign-sm-center\" data-animation-delay=\"\">\n\t\t\t\t\n\t\t\t\t\t\t\t\t\t<h2 class=\"xts-section-title title xts-design-default xts-fontsize-l\">\n\t\t\t\t\t\t<span class=\"xts-section-title-text\" data-elementor-setting-key=\"title\">\n\t\t\t\t\t\t\t Starptautiskie un iek\u0161zemes autop\u0101rvad\u0101jumi Eirop\u0101 un Baltijas valst\u012bs.\t\t\t\t\t\t<\/span>\n\n\t\t\t\t\t\t\t\t\t\t\t<\/h2>\n\t\t\t\t\n\t\t\t\t\n\t\t\t\t\t\t\t<\/div>\n\t\t\t\t\t\t<\/div>\n\t\t\t\t<\/div>\n\t\t\t\t<div class=\"elementor-element elementor-element-7c603d00 xts-textalign-center xts-scheme-inherit elementor-widget elementor-widget-text-editor\" data-id=\"7c603d00\" data-element_type=\"widget\" data-e-type=\"widget\" data-widget_type=\"text-editor.default\">\n\t\t\t\t<div class=\"elementor-widget-container\">\n\t\t\t\t\t\t\t\t\t<p>LVK GROUP nodro\u0161ina maksim\u0101lu j\u016bsu kravas dro\u0161\u012bbu un kvalit\u0101ti neatkar\u012bgi no t\u0101s veida un galam\u0113r\u0137a. M\u016bsu kompleksie lo\u0123istikas risin\u0101jumi nodro\u0161ina pilnu vai da\u013c\u0113ju kravu pieg\u0101di, kas ir piel\u0101gota konkr\u0113t\u0101m j\u016bsu vajadz\u012bb\u0101m.<\/p><p>Vai mekl\u0113jat individu\u0101lus transporta risin\u0101jumus? M\u016bsu pieredz\u0113ju\u0161ie lo\u0123istikas speci\u0101listi nenogursto\u0161i str\u0101d\u0101, lai nodro\u0161in\u0101tu nep\u0101rtrauktu darbu. M\u016bsu priorit\u0101te ir atrast visrentabl\u0101kos veidus, k\u0101 transport\u0113t j\u016bsu s\u016bt\u012bjumu, nodro\u0161inot profesion\u0101lu apstr\u0101di visos posmos. M\u016bsu ap\u0146em\u0161an\u0101s nodro\u0161in\u0101t augstu kvalit\u0101ti un uzticam\u012bbu ir vissvar\u012bg\u0101k\u0101 visos m\u016bsu pakalpojumos.<\/p>\t\t\t\t\t\t\t\t<\/div>\n\t\t\t\t<\/div>\n\t\t\t\t<\/div>\n\t\t<div class=\"elementor-element elementor-element-1ffa4b7c e-con-full e-flex xts-section-disabled e-con e-child\" data-id=\"1ffa4b7c\" data-element_type=\"container\" data-e-type=\"container\">\n\t\t\t\t<div class=\"elementor-element elementor-element-715bc21e elementor-widget elementor-widget-image\" data-id=\"715bc21e\" data-element_type=\"widget\" data-e-type=\"widget\" data-widget_type=\"image.default\">\n\t\t\t\t<div class=\"elementor-widget-container\">\n\t\t\t\t\t\t\t\t\t\t\t\t\t\t\t<img fetchpriority=\"high\" decoding=\"async\" width=\"1024\" height=\"682\" src=\"https:\/\/lvkgroup.lv\/wp-content\/uploads\/2024\/01\/trucks-highway-mountain-sunset-1-1024x682.webp\" class=\"attachment-large size-large wp-image-987\" alt=\"\" srcset=\"https:\/\/lvkgroup.lv\/wp-content\/uploads\/2024\/01\/trucks-highway-mountain-sunset-1-1024x682.webp 1024w, https:\/\/lvkgroup.lv\/wp-content\/uploads\/2024\/01\/trucks-highway-mountain-sunset-1-300x200.webp 300w, https:\/\/lvkgroup.lv\/wp-content\/uploads\/2024\/01\/trucks-highway-mountain-sunset-1-768x512.webp 768w, https:\/\/lvkgroup.lv\/wp-content\/uploads\/2024\/01\/trucks-highway-mountain-sunset-1-1536x1023.webp 1536w, https:\/\/lvkgroup.lv\/wp-content\/uploads\/2024\/01\/trucks-highway-mountain-sunset-1.webp 1618w\" sizes=\"(max-width: 1024px) 100vw, 1024px\" \/>\t\t\t\t\t\t\t\t\t\t\t\t\t\t\t<\/div>\n\t\t\t\t<\/div>\n\t\t\t\t<\/div>\n\t\t\t\t\t<\/div>\n\t\t\t\t<\/div>\n\t\t<div class=\"xts-negative-gap elementor-element elementor-element-3704a5ed xts-section-stretch e-flex e-con-boxed elementor-invisible e-con e-parent\" data-id=\"3704a5ed\" data-element_type=\"container\" data-e-type=\"container\" data-settings=\"{&quot;animation&quot;:&quot;fadeInUp&quot;,&quot;animation_tablet&quot;:&quot;none&quot;}\">\n\t\t\t\t\t<div class=\"e-con-inner\">\n\t\t<div class=\"xts-negative-gap elementor-element elementor-element-68208ecc e-flex e-con-boxed xts-section-disabled e-con e-child\" data-id=\"68208ecc\" data-element_type=\"container\" data-e-type=\"container\">\n\t\t\t\t\t<div class=\"e-con-inner\">\n\t\t<div class=\"elementor-element elementor-element-33b8f94d e-con-full e-flex xts-section-disabled e-con e-child\" data-id=\"33b8f94d\" data-element_type=\"container\" data-e-type=\"container\" data-settings=\"{&quot;background_background&quot;:&quot;classic&quot;}\">\n\t\t\t\t<div class=\"elementor-element elementor-element-4c0624fb elementor-widget__width-initial service-title xts-width-100 elementor-widget elementor-widget-xts_title\" data-id=\"4c0624fb\" data-element_type=\"widget\" data-e-type=\"widget\" data-widget_type=\"xts_title.default\">\n\t\t\t\t<div class=\"elementor-widget-container\">\n\t\t\t\t\t\t\t\t<div class=\"xts-section-heading xts-reset-mb-10 xts-reset-last xts-textalign-left xts-textalign-sm-center\" data-animation-delay=\"\">\n\t\t\t\t\n\t\t\t\t\t\t\t\t\t<h3 class=\"xts-section-title title xts-design-default xts-textcolor-custom xts-fontsize-l\">\n\t\t\t\t\t\t<span class=\"xts-section-title-text\" data-elementor-setting-key=\"title\">\n\t\t\t\t\t\t\tM\u0113s veiksim detaliz\u0113tu izmaksu anal\u012bzi un sniegsim Jums visaptvero\u0161u pied\u0101v\u0101jumu\t\t\t\t\t\t<\/span>\n\n\t\t\t\t\t\t\t\t\t\t\t<\/h3>\n\t\t\t\t\n\t\t\t\t\n\t\t\t\t\t\t\t\t\t<div class=\"xts-section-desc xts-textcolor-custom\">\n\t\t\t\t\t\t<div class=\"xts-section-desc-text xts-reset-all-last\" data-elementor-setting-key=\"description\">\n\t\t\t\t\t\t\t<p>Atst\u0101jiet pieteikumu, un m\u016bsu speci\u0101listi operat\u012bvi nov\u0113rt\u0113s un sniegs detaliz\u0113tu pakalpojumu izmaksu t\u0101mi.<\/p>\t\t\t\t\t\t<\/div>\n\t\t\t\t\t<\/div>\n\t\t\t\t\t\t\t<\/div>\n\t\t\t\t\t\t<\/div>\n\t\t\t\t<\/div>\n\t\t\t\t<div class=\"elementor-element elementor-element-4916f8fc button-service elementor-mobile-align-justify elementor-widget elementor-widget-button\" data-id=\"4916f8fc\" data-element_type=\"widget\" data-e-type=\"widget\" data-widget_type=\"button.default\">\n\t\t\t\t<div class=\"elementor-widget-container\">\n\t\t\t\t\t\t\t\t\t<div class=\"elementor-button-wrapper\">\n\t\t\t\t\t<a class=\"elementor-button elementor-button-link elementor-size-sm\" href=\"#elementor-action%3Aaction%3Dpopup%3Aopen%26settings%3DeyJpZCI6IjU1NSIsInRvZ2dsZSI6ZmFsc2V9\">\n\t\t\t\t\t\t<span class=\"elementor-button-content-wrapper\">\n\t\t\t\t\t\t<span class=\"elementor-button-icon\">\n\t\t\t\t<svg xmlns=\"http:\/\/www.w3.org\/2000\/svg\" width=\"17\" height=\"12\" viewbox=\"0 0 17 12\" fill=\"none\"><path d=\"M1 5.25C0.585786 5.25 0.25 5.58579 0.25 6C0.25 6.41421 0.585786 6.75 1 6.75V5.25ZM16.5303 6.53033C16.8232 6.23744 16.8232 5.76256 16.5303 5.46967L11.7574 0.696699C11.4645 0.403806 10.9896 0.403806 10.6967 0.696699C10.4038 0.989593 10.4038 1.46447 10.6967 1.75736L14.9393 6L10.6967 10.2426C10.4038 10.5355 10.4038 11.0104 10.6967 11.3033C10.9896 11.5962 11.4645 11.5962 11.7574 11.3033L16.5303 6.53033ZM1 6.75H16V5.25H1V6.75Z\" fill=\"#FEFEFE\"><\/path><\/svg>\t\t\t<\/span>\n\t\t\t\t\t\t\t\t\t<span class=\"elementor-button-text\">Atst\u0101t pieteikumu<\/span>\n\t\t\t\t\t<\/span>\n\t\t\t\t\t<\/a>\n\t\t\t\t<\/div>\n\t\t\t\t\t\t\t\t<\/div>\n\t\t\t\t<\/div>\n\t\t\t\t<\/div>\n\t\t<div class=\"elementor-element elementor-element-1a7900d8 e-con-full e-flex xts-section-disabled e-con e-child\" data-id=\"1a7900d8\" data-element_type=\"container\" data-e-type=\"container\" data-settings=\"{&quot;background_background&quot;:&quot;classic&quot;}\">\n\t\t\t\t<\/div>\n\t\t\t\t\t<\/div>\n\t\t\t\t<\/div>\n\t\t\t\t\t<\/div>\n\t\t\t\t<\/div>\n\t\t\t\t<\/div>","protected":false},"excerpt":{"rendered":"<p>International and domestic road transportation across Europe and the Baltic States LVK GROUP ensures the utmost safety and reliability for your cargo, regardless of its nature and destination. Our comprehensive logistics solutions cater to full or partial load shipments, tailored to your specific needs. Looking for custom transportation solutions? Our seasoned logistics experts work tirelessly [&hellip;]<\/p>\n","protected":false},"author":1,"featured_media":0,"parent":14,"menu_order":0,"comment_status":"closed","ping_status":"closed","template":"","meta":{"footnotes":""},"class_list":["post-26","page","type-page","status-publish","hentry"],"yoast_head":"<!-- This site is optimized with the Yoast SEO plugin v27.2 - https:\/\/yoast.com\/product\/yoast-seo-wordpress\/ -->\n<title>Road transport - LVK GROUP - International logistics<\/title>\n<meta name=\"description\" content=\"International and domestic road transportation across Europe and the Baltic States\" \/>\n<meta name=\"robots\" content=\"index, follow, max-snippet:-1, max-image-preview:large, max-video-preview:-1\" \/>\n<link rel=\"canonical\" href=\"https:\/\/lvkgroup.lv\/lv\/services\/road-transport\/\" \/>\n<meta property=\"og:locale\" content=\"lv_LV\" \/>\n<meta property=\"og:type\" content=\"article\" \/>\n<meta property=\"og:title\" content=\"Road transport - LVK GROUP - International logistics\" \/>\n<meta property=\"og:description\" content=\"International and domestic road transportation across Europe and the Baltic States\" \/>\n<meta property=\"og:url\" content=\"https:\/\/lvkgroup.lv\/lv\/services\/road-transport\/\" \/>\n<meta property=\"og:site_name\" content=\"LVK GROUP - International logistics\" \/>\n<meta property=\"article:modified_time\" content=\"2025-02-05T09:21:11+00:00\" \/>\n<meta property=\"og:image\" content=\"https:\/\/lvkgroup.lv\/wp-content\/uploads\/2024\/01\/trucks-highway-mountain-sunset-1.webp\" \/>\n\t<meta property=\"og:image:width\" content=\"1618\" \/>\n\t<meta property=\"og:image:height\" content=\"1078\" \/>\n\t<meta property=\"og:image:type\" content=\"image\/webp\" \/>\n<meta name=\"twitter:card\" content=\"summary_large_image\" \/>\n<meta name=\"twitter:label1\" content=\"Est. reading time\" \/>\n\t<meta name=\"twitter:data1\" content=\"1 min\u016bte\" \/>\n<script type=\"application\/ld+json\" class=\"yoast-schema-graph\">{\"@context\":\"https:\/\/schema.org\",\"@graph\":[{\"@type\":\"WebPage\",\"@id\":\"https:\/\/lvkgroup.lv\/services\/road-transport\/\",\"url\":\"https:\/\/lvkgroup.lv\/services\/road-transport\/\",\"name\":\"Road transport - LVK GROUP - International logistics\",\"isPartOf\":{\"@id\":\"https:\/\/lvkgroup.lv\/#website\"},\"primaryImageOfPage\":{\"@id\":\"https:\/\/lvkgroup.lv\/services\/road-transport\/#primaryimage\"},\"image\":{\"@id\":\"https:\/\/lvkgroup.lv\/services\/road-transport\/#primaryimage\"},\"thumbnailUrl\":\"https:\/\/lvkgroup.lv\/wp-content\/uploads\/2024\/01\/trucks-highway-mountain-sunset-1-1024x682.webp\",\"datePublished\":\"2023-12-22T16:23:53+00:00\",\"dateModified\":\"2025-02-05T09:21:11+00:00\",\"description\":\"International and domestic road transportation across Europe and the Baltic States\",\"breadcrumb\":{\"@id\":\"https:\/\/lvkgroup.lv\/services\/road-transport\/#breadcrumb\"},\"inLanguage\":\"lv-LV\",\"potentialAction\":[{\"@type\":\"ReadAction\",\"target\":[\"https:\/\/lvkgroup.lv\/services\/road-transport\/\"]}]},{\"@type\":\"ImageObject\",\"inLanguage\":\"lv-LV\",\"@id\":\"https:\/\/lvkgroup.lv\/services\/road-transport\/#primaryimage\",\"url\":\"https:\/\/lvkgroup.lv\/wp-content\/uploads\/2024\/01\/trucks-highway-mountain-sunset-1-1024x682.webp\",\"contentUrl\":\"https:\/\/lvkgroup.lv\/wp-content\/uploads\/2024\/01\/trucks-highway-mountain-sunset-1-1024x682.webp\"},{\"@type\":\"BreadcrumbList\",\"@id\":\"https:\/\/lvkgroup.lv\/services\/road-transport\/#breadcrumb\",\"itemListElement\":[{\"@type\":\"ListItem\",\"position\":1,\"name\":\"\u0413\u043b\u0430\u0432\u043d\u0430\u044f \u0441\u0442\u0440\u0430\u043d\u0438\u0446\u0430\",\"item\":\"https:\/\/lvkgroup.lv\/\"},{\"@type\":\"ListItem\",\"position\":2,\"name\":\"Services\",\"item\":\"https:\/\/lvkgroup.lv\/services\/\"},{\"@type\":\"ListItem\",\"position\":3,\"name\":\"Road transport\"}]},{\"@type\":\"WebSite\",\"@id\":\"https:\/\/lvkgroup.lv\/#website\",\"url\":\"https:\/\/lvkgroup.lv\/\",\"name\":\"LVK GROUP - International logistics\",\"description\":\"We will deliver your cargo anywhere in the world\",\"publisher\":{\"@id\":\"https:\/\/lvkgroup.lv\/#organization\"},\"potentialAction\":[{\"@type\":\"SearchAction\",\"target\":{\"@type\":\"EntryPoint\",\"urlTemplate\":\"https:\/\/lvkgroup.lv\/?s={search_term_string}\"},\"query-input\":{\"@type\":\"PropertyValueSpecification\",\"valueRequired\":true,\"valueName\":\"search_term_string\"}}],\"inLanguage\":\"lv-LV\"},{\"@type\":\"Organization\",\"@id\":\"https:\/\/lvkgroup.lv\/#organization\",\"name\":\"LVK GROUP - International logistics\",\"alternateName\":\"LVK GROUP\",\"url\":\"https:\/\/lvkgroup.lv\/\",\"logo\":{\"@type\":\"ImageObject\",\"inLanguage\":\"lv-LV\",\"@id\":\"https:\/\/lvkgroup.lv\/#\/schema\/logo\/image\/\",\"url\":\"https:\/\/lvkgroup.lv\/wp-content\/uploads\/2024\/08\/lvk-group-logo-final-right.svg\",\"contentUrl\":\"https:\/\/lvkgroup.lv\/wp-content\/uploads\/2024\/08\/lvk-group-logo-final-right.svg\",\"width\":270,\"height\":43,\"caption\":\"LVK GROUP - International logistics\"},\"image\":{\"@id\":\"https:\/\/lvkgroup.lv\/#\/schema\/logo\/image\/\"}}]}<\/script>\n<!-- \/ Yoast SEO plugin. -->","yoast_head_json":{"title":"Road transport - LVK GROUP - International logistics","description":"Starptautiskie un iek\u0161zemes autop\u0101rvad\u0101jumi Eirop\u0101 un Baltijas valst\u012bs.","robots":{"index":"index","follow":"follow","max-snippet":"max-snippet:-1","max-image-preview":"max-image-preview:large","max-video-preview":"max-video-preview:-1"},"canonical":"https:\/\/lvkgroup.lv\/lv\/services\/road-transport\/","og_locale":"lv_LV","og_type":"article","og_title":"Road transport - LVK GROUP - International logistics","og_description":"International and domestic road transportation across Europe and the Baltic States","og_url":"https:\/\/lvkgroup.lv\/lv\/services\/road-transport\/","og_site_name":"LVK GROUP - International logistics","article_modified_time":"2025-02-05T09:21:11+00:00","og_image":[{"width":1618,"height":1078,"url":"https:\/\/lvkgroup.lv\/wp-content\/uploads\/2024\/01\/trucks-highway-mountain-sunset-1.webp","type":"image\/webp"}],"twitter_card":"summary_large_image","twitter_misc":{"Est. reading time":"1 min\u016bte"},"schema":{"@context":"https:\/\/schema.org","@graph":[{"@type":"WebPage","@id":"https:\/\/lvkgroup.lv\/services\/road-transport\/","url":"https:\/\/lvkgroup.lv\/services\/road-transport\/","name":"Road transport - LVK GROUP - International logistics","isPartOf":{"@id":"https:\/\/lvkgroup.lv\/#website"},"primaryImageOfPage":{"@id":"https:\/\/lvkgroup.lv\/services\/road-transport\/#primaryimage"},"image":{"@id":"https:\/\/lvkgroup.lv\/services\/road-transport\/#primaryimage"},"thumbnailUrl":"https:\/\/lvkgroup.lv\/wp-content\/uploads\/2024\/01\/trucks-highway-mountain-sunset-1-1024x682.webp","datePublished":"2023-12-22T16:23:53+00:00","dateModified":"2025-02-05T09:21:11+00:00","description":"Starptautiskie un iek\u0161zemes autop\u0101rvad\u0101jumi Eirop\u0101 un Baltijas valst\u012bs.","breadcrumb":{"@id":"https:\/\/lvkgroup.lv\/services\/road-transport\/#breadcrumb"},"inLanguage":"lv-LV","potentialAction":[{"@type":"ReadAction","target":["https:\/\/lvkgroup.lv\/services\/road-transport\/"]}]},{"@type":"ImageObject","inLanguage":"lv-LV","@id":"https:\/\/lvkgroup.lv\/services\/road-transport\/#primaryimage","url":"https:\/\/lvkgroup.lv\/wp-content\/uploads\/2024\/01\/trucks-highway-mountain-sunset-1-1024x682.webp","contentUrl":"https:\/\/lvkgroup.lv\/wp-content\/uploads\/2024\/01\/trucks-highway-mountain-sunset-1-1024x682.webp"},{"@type":"BreadcrumbList","@id":"https:\/\/lvkgroup.lv\/services\/road-transport\/#breadcrumb","itemListElement":[{"@type":"ListItem","position":1,"name":"\u0413\u043b\u0430\u0432\u043d\u0430\u044f \u0441\u0442\u0440\u0430\u043d\u0438\u0446\u0430","item":"https:\/\/lvkgroup.lv\/"},{"@type":"ListItem","position":2,"name":"Services","item":"https:\/\/lvkgroup.lv\/services\/"},{"@type":"ListItem","position":3,"name":"Road transport"}]},{"@type":"WebSite","@id":"https:\/\/lvkgroup.lv\/#website","url":"https:\/\/lvkgroup.lv\/","name":"LVK GROUP - International logistics","description":"We will deliver your cargo anywhere in the world","publisher":{"@id":"https:\/\/lvkgroup.lv\/#organization"},"potentialAction":[{"@type":"SearchAction","target":{"@type":"EntryPoint","urlTemplate":"https:\/\/lvkgroup.lv\/?s={search_term_string}"},"query-input":{"@type":"PropertyValueSpecification","valueRequired":true,"valueName":"search_term_string"}}],"inLanguage":"lv-LV"},{"@type":"Organization","@id":"https:\/\/lvkgroup.lv\/#organization","name":"LVK GROUP - International logistics","alternateName":"LVK GROUP","url":"https:\/\/lvkgroup.lv\/","logo":{"@type":"ImageObject","inLanguage":"lv-LV","@id":"https:\/\/lvkgroup.lv\/#\/schema\/logo\/image\/","url":"https:\/\/lvkgroup.lv\/wp-content\/uploads\/2024\/08\/lvk-group-logo-final-right.svg","contentUrl":"https:\/\/lvkgroup.lv\/wp-content\/uploads\/2024\/08\/lvk-group-logo-final-right.svg","width":270,"height":43,"caption":"LVK GROUP - International logistics"},"image":{"@id":"https:\/\/lvkgroup.lv\/#\/schema\/logo\/image\/"}}]}},"_links":{"self":[{"href":"https:\/\/lvkgroup.lv\/lv\/wp-json\/wp\/v2\/pages\/26","targetHints":{"allow":["GET"]}}],"collection":[{"href":"https:\/\/lvkgroup.lv\/lv\/wp-json\/wp\/v2\/pages"}],"about":[{"href":"https:\/\/lvkgroup.lv\/lv\/wp-json\/wp\/v2\/types\/page"}],"author":[{"embeddable":true,"href":"https:\/\/lvkgroup.lv\/lv\/wp-json\/wp\/v2\/users\/1"}],"replies":[{"embeddable":true,"href":"https:\/\/lvkgroup.lv\/lv\/wp-json\/wp\/v2\/comments?post=26"}],"version-history":[{"count":3,"href":"https:\/\/lvkgroup.lv\/lv\/wp-json\/wp\/v2\/pages\/26\/revisions"}],"predecessor-version":[{"id":1495,"href":"https:\/\/lvkgroup.lv\/lv\/wp-json\/wp\/v2\/pages\/26\/revisions\/1495"}],"up":[{"embeddable":true,"href":"https:\/\/lvkgroup.lv\/lv\/wp-json\/wp\/v2\/pages\/14"}],"wp:attachment":[{"href":"https:\/\/lvkgroup.lv\/lv\/wp-json\/wp\/v2\/media?parent=26"}],"curies":[{"name":"wp","href":"https:\/\/api.w.org\/{rel}","templated":true}]}}