{"id":22,"date":"2023-12-22T19:21:40","date_gmt":"2023-12-22T16:21:40","guid":{"rendered":"https:\/\/lvkgroup.lv\/?page_id=22"},"modified":"2025-02-05T12:20:31","modified_gmt":"2025-02-05T09:20:31","slug":"railway-transport","status":"publish","type":"page","link":"https:\/\/lvkgroup.lv\/lv\/services\/railway-transport\/","title":{"rendered":"Dzelzce\u013ca p\u0101rvad\u0101jumi"},"content":{"rendered":"<div data-elementor-type=\"wp-page\" data-elementor-id=\"22\" class=\"elementor elementor-22\" data-elementor-post-type=\"page\">\n\t\t\t\t<div class=\"xts-negative-gap elementor-element elementor-element-2a9f890e xts-section-stretch animated-slow e-flex e-con-boxed elementor-invisible e-con e-parent\" data-id=\"2a9f890e\" data-element_type=\"container\" data-e-type=\"container\" data-settings=\"{&quot;animation&quot;:&quot;fadeIn&quot;}\">\n\t\t\t\t\t<div class=\"e-con-inner\">\n\t\t<div class=\"elementor-element elementor-element-5bea65c5 e-con-full e-flex xts-section-disabled e-con e-child\" data-id=\"5bea65c5\" data-element_type=\"container\" data-e-type=\"container\">\n\t\t\t\t<div class=\"elementor-element elementor-element-4e948fec xts-textalign-center xts-scheme-inherit elementor-widget elementor-widget-text-editor\" data-id=\"4e948fec\" data-element_type=\"widget\" data-e-type=\"widget\" data-widget_type=\"text-editor.default\">\n\t\t\t\t<div class=\"elementor-widget-container\">\n\t\t\t\t\t\t\t\t\t<p>LVK GROUP specializ\u0113jas regul\u0101rajos tie\u0161ajos dzelzce\u013ca kravu p\u0101rvad\u0101jumos no \u0136\u012bnas uz NVS valst\u012bm, tostarp vagonu un konteineru p\u0101rvad\u0101jumos caur R\u012bgu, apkalpojot mar\u0161rutus starp Eiropu, NVS valst\u012bm un Vidus\u0101zijas valst\u012bm.<\/p>\t\t\t\t\t\t\t\t<\/div>\n\t\t\t\t<\/div>\n\t\t\t\t<div class=\"elementor-element elementor-element-46f97917 elementor-widget__width-initial service-title xts-width-100 elementor-widget elementor-widget-xts_title\" data-id=\"46f97917\" data-element_type=\"widget\" data-e-type=\"widget\" data-widget_type=\"xts_title.default\">\n\t\t\t\t<div class=\"elementor-widget-container\">\n\t\t\t\t\t\t\t\t<div class=\"xts-section-heading xts-reset-mb-10 xts-reset-last xts-textalign-left xts-textalign-sm-center\" data-animation-delay=\"\">\n\t\t\t\t\n\t\t\t\t\t\t\t\t\t<h2 class=\"xts-section-title title xts-design-default xts-fontsize-l\">\n\t\t\t\t\t\t<span class=\"xts-section-title-text\" data-elementor-setting-key=\"title\">\n\t\t\t\t\t\t\tM\u016bsu pakalpojumi:\t\t\t\t\t\t<\/span>\n\n\t\t\t\t\t\t\t\t\t\t\t<\/h2>\n\t\t\t\t\n\t\t\t\t\n\t\t\t\t\t\t\t<\/div>\n\t\t\t\t\t\t<\/div>\n\t\t\t\t<\/div>\n\t\t\t\t<div class=\"elementor-element elementor-element-6a2e2cb3 elementor-widget__width-initial elementor-icon-list--layout-traditional elementor-list-item-link-full_width elementor-widget elementor-widget-icon-list\" data-id=\"6a2e2cb3\" data-element_type=\"widget\" data-e-type=\"widget\" data-widget_type=\"icon-list.default\">\n\t\t\t\t<div class=\"elementor-widget-container\">\n\t\t\t\t\t\t\t<ul class=\"elementor-icon-list-items\">\n\t\t\t\t\t\t\t<li class=\"elementor-icon-list-item\">\n\t\t\t\t\t\t\t\t\t\t\t<span class=\"elementor-icon-list-icon\">\n\t\t\t\t\t\t\t<svg aria-hidden=\"true\" class=\"e-font-icon-svg e-fas-chevron-right\" viewbox=\"0 0 320 512\" xmlns=\"http:\/\/www.w3.org\/2000\/svg\"><path d=\"M285.476 272.971L91.132 467.314c-9.373 9.373-24.569 9.373-33.941 0l-22.667-22.667c-9.357-9.357-9.375-24.522-.04-33.901L188.505 256 34.484 101.255c-9.335-9.379-9.317-24.544.04-33.901l22.667-22.667c9.373-9.373 24.569-9.373 33.941 0L285.475 239.03c9.373 9.372 9.373 24.568.001 33.941z\"><\/path><\/svg>\t\t\t\t\t\t<\/span>\n\t\t\t\t\t\t\t\t\t\t<span class=\"elementor-icon-list-text\">Konteineru un vagonu kravu p\u0101rvad\u0101jumu organiz\u0113\u0161ana.<\/span>\n\t\t\t\t\t\t\t\t\t<\/li>\n\t\t\t\t\t\t\t\t<li class=\"elementor-icon-list-item\">\n\t\t\t\t\t\t\t\t\t\t\t<span class=\"elementor-icon-list-icon\">\n\t\t\t\t\t\t\t<svg aria-hidden=\"true\" class=\"e-font-icon-svg e-fas-chevron-right\" viewbox=\"0 0 320 512\" xmlns=\"http:\/\/www.w3.org\/2000\/svg\"><path d=\"M285.476 272.971L91.132 467.314c-9.373 9.373-24.569 9.373-33.941 0l-22.667-22.667c-9.357-9.357-9.375-24.522-.04-33.901L188.505 256 34.484 101.255c-9.335-9.379-9.317-24.544.04-33.901l22.667-22.667c9.373-9.373 24.569-9.373 33.941 0L285.475 239.03c9.373 9.372 9.373 24.568.001 33.941z\"><\/path><\/svg>\t\t\t\t\t\t<\/span>\n\t\t\t\t\t\t\t\t\t\t<span class=\"elementor-icon-list-text\">Pas\u016bt\u012bt\u0101ja vagonu un konteineru izseko\u0161ana ce\u013c\u0101.<\/span>\n\t\t\t\t\t\t\t\t\t<\/li>\n\t\t\t\t\t\t\t\t<li class=\"elementor-icon-list-item\">\n\t\t\t\t\t\t\t\t\t\t\t<span class=\"elementor-icon-list-icon\">\n\t\t\t\t\t\t\t<svg aria-hidden=\"true\" class=\"e-font-icon-svg e-fas-chevron-right\" viewbox=\"0 0 320 512\" xmlns=\"http:\/\/www.w3.org\/2000\/svg\"><path d=\"M285.476 272.971L91.132 467.314c-9.373 9.373-24.569 9.373-33.941 0l-22.667-22.667c-9.357-9.357-9.375-24.522-.04-33.901L188.505 256 34.484 101.255c-9.335-9.379-9.317-24.544.04-33.901l22.667-22.667c9.373-9.373 24.569-9.373 33.941 0L285.475 239.03c9.373 9.372 9.373 24.568.001 33.941z\"><\/path><\/svg>\t\t\t\t\t\t<\/span>\n\t\t\t\t\t\t\t\t\t\t<span class=\"elementor-icon-list-text\">Iesp\u0113ja pieg\u0101d\u0101t negabar\u012bta kravas.<\/span>\n\t\t\t\t\t\t\t\t\t<\/li>\n\t\t\t\t\t\t\t\t<li class=\"elementor-icon-list-item\">\n\t\t\t\t\t\t\t\t\t\t\t<span class=\"elementor-icon-list-icon\">\n\t\t\t\t\t\t\t<svg aria-hidden=\"true\" class=\"e-font-icon-svg e-fas-chevron-right\" viewbox=\"0 0 320 512\" xmlns=\"http:\/\/www.w3.org\/2000\/svg\"><path d=\"M285.476 272.971L91.132 467.314c-9.373 9.373-24.569 9.373-33.941 0l-22.667-22.667c-9.357-9.357-9.375-24.522-.04-33.901L188.505 256 34.484 101.255c-9.335-9.379-9.317-24.544.04-33.901l22.667-22.667c9.373-9.373 24.569-9.373 33.941 0L285.475 239.03c9.373 9.372 9.373 24.568.001 33.941z\"><\/path><\/svg>\t\t\t\t\t\t<\/span>\n\t\t\t\t\t\t\t\t\t\t<span class=\"elementor-icon-list-text\">Konteineru partiju pieg\u0101de - no 10 vai vair\u0101k konteineru vienlaic\u012bgi.<\/span>\n\t\t\t\t\t\t\t\t\t<\/li>\n\t\t\t\t\t\t\t\t<li class=\"elementor-icon-list-item\">\n\t\t\t\t\t\t\t\t\t\t\t<span class=\"elementor-icon-list-icon\">\n\t\t\t\t\t\t\t<svg aria-hidden=\"true\" class=\"e-font-icon-svg e-fas-chevron-right\" viewbox=\"0 0 320 512\" xmlns=\"http:\/\/www.w3.org\/2000\/svg\"><path d=\"M285.476 272.971L91.132 467.314c-9.373 9.373-24.569 9.373-33.941 0l-22.667-22.667c-9.357-9.357-9.375-24.522-.04-33.901L188.505 256 34.484 101.255c-9.335-9.379-9.317-24.544.04-33.901l22.667-22.667c9.373-9.373 24.569-9.373 33.941 0L285.475 239.03c9.373 9.372 9.373 24.568.001 33.941z\"><\/path><\/svg>\t\t\t\t\t\t<\/span>\n\t\t\t\t\t\t\t\t\t\t<span class=\"elementor-icon-list-text\">B\u012bstamo kravu dro\u0161a pieg\u0101de.<\/span>\n\t\t\t\t\t\t\t\t\t<\/li>\n\t\t\t\t\t\t<\/ul>\n\t\t\t\t\t\t<\/div>\n\t\t\t\t<\/div>\n\t\t\t\t<div class=\"elementor-element elementor-element-774410f xts-textalign-center xts-scheme-inherit elementor-widget elementor-widget-text-editor\" data-id=\"774410f\" data-element_type=\"widget\" data-e-type=\"widget\" data-widget_type=\"text-editor.default\">\n\t\t\t\t<div class=\"elementor-widget-container\">\n\t\t\t\t\t\t\t\t\t<p>\u0160\u012b integr\u0113t\u0101 pieeja nodro\u0161ina efekt\u012bvus un uzticamus transporta risin\u0101jumus da\u017e\u0101d\u0101m kravu vajadz\u012bb\u0101m.<\/p>\t\t\t\t\t\t\t\t<\/div>\n\t\t\t\t<\/div>\n\t\t\t\t<\/div>\n\t\t<div class=\"elementor-element elementor-element-644296e7 e-con-full e-flex xts-section-disabled e-con e-child\" data-id=\"644296e7\" data-element_type=\"container\" data-e-type=\"container\">\n\t\t\t\t<div class=\"elementor-element elementor-element-2adfa048 elementor-widget elementor-widget-image\" data-id=\"2adfa048\" data-element_type=\"widget\" data-e-type=\"widget\" data-widget_type=\"image.default\">\n\t\t\t\t<div class=\"elementor-widget-container\">\n\t\t\t\t\t\t\t\t\t\t\t\t\t\t\t<img fetchpriority=\"high\" decoding=\"async\" width=\"853\" height=\"667\" src=\"https:\/\/lvkgroup.lv\/wp-content\/uploads\/2024\/01\/poezd.webp\" class=\"attachment-large size-large wp-image-922\" alt=\"\" srcset=\"https:\/\/lvkgroup.lv\/wp-content\/uploads\/2024\/01\/poezd.webp 853w, https:\/\/lvkgroup.lv\/wp-content\/uploads\/2024\/01\/poezd-300x235.webp 300w, https:\/\/lvkgroup.lv\/wp-content\/uploads\/2024\/01\/poezd-768x601.webp 768w\" sizes=\"(max-width: 853px) 100vw, 853px\" \/>\t\t\t\t\t\t\t\t\t\t\t\t\t\t\t<\/div>\n\t\t\t\t<\/div>\n\t\t\t\t<\/div>\n\t\t\t\t\t<\/div>\n\t\t\t\t<\/div>\n\t\t<div class=\"xts-negative-gap elementor-element elementor-element-6b29027 xts-section-stretch e-flex e-con-boxed elementor-invisible e-con e-parent\" data-id=\"6b29027\" data-element_type=\"container\" data-e-type=\"container\" data-settings=\"{&quot;animation&quot;:&quot;fadeInUp&quot;,&quot;animation_tablet&quot;:&quot;none&quot;}\">\n\t\t\t\t\t<div class=\"e-con-inner\">\n\t\t<div class=\"xts-negative-gap elementor-element elementor-element-0f45512 e-flex e-con-boxed xts-section-disabled e-con e-child\" data-id=\"0f45512\" data-element_type=\"container\" data-e-type=\"container\">\n\t\t\t\t\t<div class=\"e-con-inner\">\n\t\t<div class=\"elementor-element elementor-element-f782f72 e-con-full e-flex xts-section-disabled e-con e-child\" data-id=\"f782f72\" data-element_type=\"container\" data-e-type=\"container\" data-settings=\"{&quot;background_background&quot;:&quot;classic&quot;}\">\n\t\t\t\t<div class=\"elementor-element elementor-element-d50f285 elementor-widget__width-initial service-title xts-width-100 elementor-widget elementor-widget-xts_title\" data-id=\"d50f285\" data-element_type=\"widget\" data-e-type=\"widget\" data-widget_type=\"xts_title.default\">\n\t\t\t\t<div class=\"elementor-widget-container\">\n\t\t\t\t\t\t\t\t<div class=\"xts-section-heading xts-reset-mb-10 xts-reset-last xts-textalign-left xts-textalign-sm-center\" data-animation-delay=\"\">\n\t\t\t\t\n\t\t\t\t\t\t\t\t\t<h3 class=\"xts-section-title title xts-design-default xts-textcolor-custom xts-fontsize-l\">\n\t\t\t\t\t\t<span class=\"xts-section-title-text\" data-elementor-setting-key=\"title\">\n\t\t\t\t\t\t\tM\u0113s veiksim detaliz\u0113tu izmaksu anal\u012bzi un sniegsim Jums visaptvero\u0161u pied\u0101v\u0101jumu\t\t\t\t\t\t<\/span>\n\n\t\t\t\t\t\t\t\t\t\t\t<\/h3>\n\t\t\t\t\n\t\t\t\t\n\t\t\t\t\t\t\t\t\t<div class=\"xts-section-desc xts-textcolor-custom\">\n\t\t\t\t\t\t<div class=\"xts-section-desc-text xts-reset-all-last\" data-elementor-setting-key=\"description\">\n\t\t\t\t\t\t\t<p>Atst\u0101jiet pieteikumu, un m\u016bsu speci\u0101listi operat\u012bvi nov\u0113rt\u0113s un sniegs detaliz\u0113tu pakalpojumu izmaksu t\u0101mi.<\/p>\t\t\t\t\t\t<\/div>\n\t\t\t\t\t<\/div>\n\t\t\t\t\t\t\t<\/div>\n\t\t\t\t\t\t<\/div>\n\t\t\t\t<\/div>\n\t\t\t\t<div class=\"elementor-element elementor-element-f92ebfd button-service elementor-mobile-align-justify elementor-widget elementor-widget-button\" data-id=\"f92ebfd\" data-element_type=\"widget\" data-e-type=\"widget\" data-widget_type=\"button.default\">\n\t\t\t\t<div class=\"elementor-widget-container\">\n\t\t\t\t\t\t\t\t\t<div class=\"elementor-button-wrapper\">\n\t\t\t\t\t<a class=\"elementor-button elementor-button-link elementor-size-sm\" href=\"#elementor-action%3Aaction%3Dpopup%3Aopen%26settings%3DeyJpZCI6IjU1NSIsInRvZ2dsZSI6ZmFsc2V9\">\n\t\t\t\t\t\t<span class=\"elementor-button-content-wrapper\">\n\t\t\t\t\t\t<span class=\"elementor-button-icon\">\n\t\t\t\t<svg xmlns=\"http:\/\/www.w3.org\/2000\/svg\" width=\"17\" height=\"12\" viewbox=\"0 0 17 12\" fill=\"none\"><path d=\"M1 5.25C0.585786 5.25 0.25 5.58579 0.25 6C0.25 6.41421 0.585786 6.75 1 6.75V5.25ZM16.5303 6.53033C16.8232 6.23744 16.8232 5.76256 16.5303 5.46967L11.7574 0.696699C11.4645 0.403806 10.9896 0.403806 10.6967 0.696699C10.4038 0.989593 10.4038 1.46447 10.6967 1.75736L14.9393 6L10.6967 10.2426C10.4038 10.5355 10.4038 11.0104 10.6967 11.3033C10.9896 11.5962 11.4645 11.5962 11.7574 11.3033L16.5303 6.53033ZM1 6.75H16V5.25H1V6.75Z\" fill=\"#FEFEFE\"><\/path><\/svg>\t\t\t<\/span>\n\t\t\t\t\t\t\t\t\t<span class=\"elementor-button-text\">Atst\u0101t pieteikumu<\/span>\n\t\t\t\t\t<\/span>\n\t\t\t\t\t<\/a>\n\t\t\t\t<\/div>\n\t\t\t\t\t\t\t\t<\/div>\n\t\t\t\t<\/div>\n\t\t\t\t<\/div>\n\t\t<div class=\"elementor-element elementor-element-3f0cdf2 e-con-full e-flex xts-section-disabled e-con e-child\" data-id=\"3f0cdf2\" data-element_type=\"container\" data-e-type=\"container\" data-settings=\"{&quot;background_background&quot;:&quot;classic&quot;}\">\n\t\t\t\t<\/div>\n\t\t\t\t\t<\/div>\n\t\t\t\t<\/div>\n\t\t\t\t\t<\/div>\n\t\t\t\t<\/div>\n\t\t\t\t<\/div>","protected":false},"excerpt":{"rendered":"<p>LVK GROUP specializes in regular, direct rail shipments of goods from China to CIS countries, including wagon and container transport via Riga, catering to routes between Europe, CIS countries, and Central Asian countries. Our services encompass: Organization of container and wagon shipments. Monitoring of client&#8217;s wagons and containers en route. Capability to transport oversized cargo. [&hellip;]<\/p>\n","protected":false},"author":1,"featured_media":917,"parent":14,"menu_order":0,"comment_status":"closed","ping_status":"closed","template":"","meta":{"footnotes":""},"class_list":["post-22","page","type-page","status-publish","has-post-thumbnail","hentry"],"yoast_head":"<!-- This site is optimized with the Yoast SEO plugin v27.2 - https:\/\/yoast.com\/product\/yoast-seo-wordpress\/ -->\n<title>Railway transport - LVK GROUP - International logistics<\/title>\n<meta name=\"description\" content=\"LVK GROUP specializes in regular, direct rail shipments of goods from China to Russia, including wagon and container transport via Riga, catering to routes between Europe, Russia, and Central Asian countries.\" \/>\n<meta name=\"robots\" content=\"index, follow, max-snippet:-1, max-image-preview:large, max-video-preview:-1\" \/>\n<link rel=\"canonical\" href=\"https:\/\/lvkgroup.lv\/lv\/services\/railway-transport\/\" \/>\n<meta property=\"og:locale\" content=\"lv_LV\" \/>\n<meta property=\"og:type\" content=\"article\" \/>\n<meta property=\"og:title\" content=\"Railway transport - LVK GROUP - International logistics\" \/>\n<meta property=\"og:description\" content=\"LVK GROUP specializes in regular, direct rail shipments of goods from China to Russia, including wagon and container transport via Riga, catering to routes between Europe, Russia, and Central Asian countries.\" \/>\n<meta property=\"og:url\" content=\"https:\/\/lvkgroup.lv\/lv\/services\/railway-transport\/\" \/>\n<meta property=\"og:site_name\" content=\"LVK GROUP - International logistics\" \/>\n<meta property=\"article:modified_time\" content=\"2025-02-05T09:20:31+00:00\" \/>\n<meta property=\"og:image\" content=\"https:\/\/lvkgroup.lv\/wp-content\/uploads\/2024\/01\/railway-transport.webp\" \/>\n\t<meta property=\"og:image:width\" content=\"1618\" \/>\n\t<meta property=\"og:image:height\" content=\"1079\" \/>\n\t<meta property=\"og:image:type\" content=\"image\/webp\" \/>\n<meta name=\"twitter:card\" content=\"summary_large_image\" \/>\n<meta name=\"twitter:label1\" content=\"Est. reading time\" \/>\n\t<meta name=\"twitter:data1\" content=\"1 min\u016bte\" \/>\n<script type=\"application\/ld+json\" class=\"yoast-schema-graph\">{\"@context\":\"https:\/\/schema.org\",\"@graph\":[{\"@type\":\"WebPage\",\"@id\":\"https:\/\/lvkgroup.lv\/services\/railway-transport\/\",\"url\":\"https:\/\/lvkgroup.lv\/services\/railway-transport\/\",\"name\":\"Railway transport - LVK GROUP - International logistics\",\"isPartOf\":{\"@id\":\"https:\/\/lvkgroup.lv\/#website\"},\"primaryImageOfPage\":{\"@id\":\"https:\/\/lvkgroup.lv\/services\/railway-transport\/#primaryimage\"},\"image\":{\"@id\":\"https:\/\/lvkgroup.lv\/services\/railway-transport\/#primaryimage\"},\"thumbnailUrl\":\"https:\/\/lvkgroup.lv\/wp-content\/uploads\/2024\/01\/railway-transport.webp\",\"datePublished\":\"2023-12-22T16:21:40+00:00\",\"dateModified\":\"2025-02-05T09:20:31+00:00\",\"description\":\"LVK GROUP specializes in regular, direct rail shipments of goods from China to Russia, including wagon and container transport via Riga, catering to routes between Europe, Russia, and Central Asian countries.\",\"breadcrumb\":{\"@id\":\"https:\/\/lvkgroup.lv\/services\/railway-transport\/#breadcrumb\"},\"inLanguage\":\"lv-LV\",\"potentialAction\":[{\"@type\":\"ReadAction\",\"target\":[\"https:\/\/lvkgroup.lv\/services\/railway-transport\/\"]}]},{\"@type\":\"ImageObject\",\"inLanguage\":\"lv-LV\",\"@id\":\"https:\/\/lvkgroup.lv\/services\/railway-transport\/#primaryimage\",\"url\":\"https:\/\/lvkgroup.lv\/wp-content\/uploads\/2024\/01\/railway-transport.webp\",\"contentUrl\":\"https:\/\/lvkgroup.lv\/wp-content\/uploads\/2024\/01\/railway-transport.webp\",\"width\":1618,\"height\":1079},{\"@type\":\"BreadcrumbList\",\"@id\":\"https:\/\/lvkgroup.lv\/services\/railway-transport\/#breadcrumb\",\"itemListElement\":[{\"@type\":\"ListItem\",\"position\":1,\"name\":\"\u0413\u043b\u0430\u0432\u043d\u0430\u044f \u0441\u0442\u0440\u0430\u043d\u0438\u0446\u0430\",\"item\":\"https:\/\/lvkgroup.lv\/\"},{\"@type\":\"ListItem\",\"position\":2,\"name\":\"Services\",\"item\":\"https:\/\/lvkgroup.lv\/services\/\"},{\"@type\":\"ListItem\",\"position\":3,\"name\":\"Railway transport\"}]},{\"@type\":\"WebSite\",\"@id\":\"https:\/\/lvkgroup.lv\/#website\",\"url\":\"https:\/\/lvkgroup.lv\/\",\"name\":\"LVK GROUP - International logistics\",\"description\":\"We will deliver your cargo anywhere in the world\",\"publisher\":{\"@id\":\"https:\/\/lvkgroup.lv\/#organization\"},\"potentialAction\":[{\"@type\":\"SearchAction\",\"target\":{\"@type\":\"EntryPoint\",\"urlTemplate\":\"https:\/\/lvkgroup.lv\/?s={search_term_string}\"},\"query-input\":{\"@type\":\"PropertyValueSpecification\",\"valueRequired\":true,\"valueName\":\"search_term_string\"}}],\"inLanguage\":\"lv-LV\"},{\"@type\":\"Organization\",\"@id\":\"https:\/\/lvkgroup.lv\/#organization\",\"name\":\"LVK GROUP - International logistics\",\"alternateName\":\"LVK GROUP\",\"url\":\"https:\/\/lvkgroup.lv\/\",\"logo\":{\"@type\":\"ImageObject\",\"inLanguage\":\"lv-LV\",\"@id\":\"https:\/\/lvkgroup.lv\/#\/schema\/logo\/image\/\",\"url\":\"https:\/\/lvkgroup.lv\/wp-content\/uploads\/2024\/08\/lvk-group-logo-final-right.svg\",\"contentUrl\":\"https:\/\/lvkgroup.lv\/wp-content\/uploads\/2024\/08\/lvk-group-logo-final-right.svg\",\"width\":270,\"height\":43,\"caption\":\"LVK GROUP - International logistics\"},\"image\":{\"@id\":\"https:\/\/lvkgroup.lv\/#\/schema\/logo\/image\/\"}}]}<\/script>\n<!-- \/ Yoast SEO plugin. -->","yoast_head_json":{"title":"Railway transport - LVK GROUP - International logistics","description":"LVK GROUP specializ\u0113jas regul\u0101rajos tie\u0161ajos dzelzce\u013ca kravu p\u0101rvad\u0101jumos no \u0136\u012bnas uz Krieviju, tostarp vagonu un konteineru p\u0101rvad\u0101jumos caur R\u012bgu, apkalpojot mar\u0161rutus starp Eiropu, Krieviju un Vidus\u0101zijas valst\u012bm.","robots":{"index":"index","follow":"follow","max-snippet":"max-snippet:-1","max-image-preview":"max-image-preview:large","max-video-preview":"max-video-preview:-1"},"canonical":"https:\/\/lvkgroup.lv\/lv\/services\/railway-transport\/","og_locale":"lv_LV","og_type":"article","og_title":"Railway transport - LVK GROUP - International logistics","og_description":"LVK GROUP specializes in regular, direct rail shipments of goods from China to Russia, including wagon and container transport via Riga, catering to routes between Europe, Russia, and Central Asian countries.","og_url":"https:\/\/lvkgroup.lv\/lv\/services\/railway-transport\/","og_site_name":"LVK GROUP - International logistics","article_modified_time":"2025-02-05T09:20:31+00:00","og_image":[{"width":1618,"height":1079,"url":"https:\/\/lvkgroup.lv\/wp-content\/uploads\/2024\/01\/railway-transport.webp","type":"image\/webp"}],"twitter_card":"summary_large_image","twitter_misc":{"Est. reading time":"1 min\u016bte"},"schema":{"@context":"https:\/\/schema.org","@graph":[{"@type":"WebPage","@id":"https:\/\/lvkgroup.lv\/services\/railway-transport\/","url":"https:\/\/lvkgroup.lv\/services\/railway-transport\/","name":"Railway transport - LVK GROUP - International logistics","isPartOf":{"@id":"https:\/\/lvkgroup.lv\/#website"},"primaryImageOfPage":{"@id":"https:\/\/lvkgroup.lv\/services\/railway-transport\/#primaryimage"},"image":{"@id":"https:\/\/lvkgroup.lv\/services\/railway-transport\/#primaryimage"},"thumbnailUrl":"https:\/\/lvkgroup.lv\/wp-content\/uploads\/2024\/01\/railway-transport.webp","datePublished":"2023-12-22T16:21:40+00:00","dateModified":"2025-02-05T09:20:31+00:00","description":"LVK GROUP specializ\u0113jas regul\u0101rajos tie\u0161ajos dzelzce\u013ca kravu p\u0101rvad\u0101jumos no \u0136\u012bnas uz Krieviju, tostarp vagonu un konteineru p\u0101rvad\u0101jumos caur R\u012bgu, apkalpojot mar\u0161rutus starp Eiropu, Krieviju un Vidus\u0101zijas valst\u012bm.","breadcrumb":{"@id":"https:\/\/lvkgroup.lv\/services\/railway-transport\/#breadcrumb"},"inLanguage":"lv-LV","potentialAction":[{"@type":"ReadAction","target":["https:\/\/lvkgroup.lv\/services\/railway-transport\/"]}]},{"@type":"ImageObject","inLanguage":"lv-LV","@id":"https:\/\/lvkgroup.lv\/services\/railway-transport\/#primaryimage","url":"https:\/\/lvkgroup.lv\/wp-content\/uploads\/2024\/01\/railway-transport.webp","contentUrl":"https:\/\/lvkgroup.lv\/wp-content\/uploads\/2024\/01\/railway-transport.webp","width":1618,"height":1079},{"@type":"BreadcrumbList","@id":"https:\/\/lvkgroup.lv\/services\/railway-transport\/#breadcrumb","itemListElement":[{"@type":"ListItem","position":1,"name":"\u0413\u043b\u0430\u0432\u043d\u0430\u044f \u0441\u0442\u0440\u0430\u043d\u0438\u0446\u0430","item":"https:\/\/lvkgroup.lv\/"},{"@type":"ListItem","position":2,"name":"Services","item":"https:\/\/lvkgroup.lv\/services\/"},{"@type":"ListItem","position":3,"name":"Railway transport"}]},{"@type":"WebSite","@id":"https:\/\/lvkgroup.lv\/#website","url":"https:\/\/lvkgroup.lv\/","name":"LVK GROUP - International logistics","description":"We will deliver your cargo anywhere in the world","publisher":{"@id":"https:\/\/lvkgroup.lv\/#organization"},"potentialAction":[{"@type":"SearchAction","target":{"@type":"EntryPoint","urlTemplate":"https:\/\/lvkgroup.lv\/?s={search_term_string}"},"query-input":{"@type":"PropertyValueSpecification","valueRequired":true,"valueName":"search_term_string"}}],"inLanguage":"lv-LV"},{"@type":"Organization","@id":"https:\/\/lvkgroup.lv\/#organization","name":"LVK GROUP - International logistics","alternateName":"LVK GROUP","url":"https:\/\/lvkgroup.lv\/","logo":{"@type":"ImageObject","inLanguage":"lv-LV","@id":"https:\/\/lvkgroup.lv\/#\/schema\/logo\/image\/","url":"https:\/\/lvkgroup.lv\/wp-content\/uploads\/2024\/08\/lvk-group-logo-final-right.svg","contentUrl":"https:\/\/lvkgroup.lv\/wp-content\/uploads\/2024\/08\/lvk-group-logo-final-right.svg","width":270,"height":43,"caption":"LVK GROUP - International logistics"},"image":{"@id":"https:\/\/lvkgroup.lv\/#\/schema\/logo\/image\/"}}]}},"_links":{"self":[{"href":"https:\/\/lvkgroup.lv\/lv\/wp-json\/wp\/v2\/pages\/22","targetHints":{"allow":["GET"]}}],"collection":[{"href":"https:\/\/lvkgroup.lv\/lv\/wp-json\/wp\/v2\/pages"}],"about":[{"href":"https:\/\/lvkgroup.lv\/lv\/wp-json\/wp\/v2\/types\/page"}],"author":[{"embeddable":true,"href":"https:\/\/lvkgroup.lv\/lv\/wp-json\/wp\/v2\/users\/1"}],"replies":[{"embeddable":true,"href":"https:\/\/lvkgroup.lv\/lv\/wp-json\/wp\/v2\/comments?post=22"}],"version-history":[{"count":3,"href":"https:\/\/lvkgroup.lv\/lv\/wp-json\/wp\/v2\/pages\/22\/revisions"}],"predecessor-version":[{"id":1489,"href":"https:\/\/lvkgroup.lv\/lv\/wp-json\/wp\/v2\/pages\/22\/revisions\/1489"}],"up":[{"embeddable":true,"href":"https:\/\/lvkgroup.lv\/lv\/wp-json\/wp\/v2\/pages\/14"}],"wp:featuredmedia":[{"embeddable":true,"href":"https:\/\/lvkgroup.lv\/lv\/wp-json\/wp\/v2\/media\/917"}],"wp:attachment":[{"href":"https:\/\/lvkgroup.lv\/lv\/wp-json\/wp\/v2\/media?parent=22"}],"curies":[{"name":"wp","href":"https:\/\/api.w.org\/{rel}","templated":true}]}}